{"id":102,"date":"2015-11-10T21:28:29","date_gmt":"2015-11-10T21:28:29","guid":{"rendered":"http:\/\/www.cfo.projetlab.ca\/en\/?page_id=102"},"modified":"2017-07-13T20:21:21","modified_gmt":"2017-07-13T20:21:21","slug":"documentation","status":"publish","type":"page","link":"https:\/\/www.cliniquedesfemmes.com\/en\/documentation\/","title":{"rendered":"Documentation"},"content":{"rendered":"<h4>Interesting resources:<\/h4>\n<p>If you are looking for abortion services elsewhere in Quebec, please visit the directory created by la F\u00e9d\u00e9ration du Qu\u00e9bec pour le planning des naissances<\/p>\n<p><a class=\"btn bt-styled btn-blue\" href=\"http:\/\/www.fqpn.qc.ca\/?repertoire=trouvez-un-service\" target=\"_blank\" rel=\"noopener\">Go to website<\/a><\/p>\n<p>You can also call FQPN at <a href=\"tel:+8196435797\" target=\"_blank\" rel=\"noopener\">514\u00a0866\u20113721<\/a>.<\/p>\n<p>If you are looking for abortion services in Canada, or if you require information on reproductive and sexual health and referrals on pregnancy options, contact Action Canada 24-hour Canada wide toll free Access Line at <a href=\"tel:+18886422725\" target=\"_blank\" rel=\"noopener\">1\u2011888\u00a0642\u20112725<\/a>.<\/p>\n<p>You can also email : <a href=\"mailto:access@sexualhealthandrights.ca\" target=\"_blank\" rel=\"noopener\">access@sexualhealthandrights.ca<\/a>.<\/p>\n","protected":false},"excerpt":{"rendered":"<p>Interesting resources: If you are looking for abortion services elsewhere in Quebec, please visit the directory created by la F\u00e9d\u00e9ration du Qu\u00e9bec pour le planning des naissances Go to website You can also call FQPN at 514\u00a0866\u20113721. If you are looking for abortion services in Canada, or if you require information on reproductive and sexual [&hellip;]<\/p>\n","protected":false},"author":1,"featured_media":0,"parent":0,"menu_order":0,"comment_status":"closed","ping_status":"closed","template":"t-documentation.php","meta":{"_acf_changed":false,"_exactmetrics_skip_tracking":false,"_exactmetrics_sitenote_active":false,"_exactmetrics_sitenote_note":"","_exactmetrics_sitenote_category":0,"footnotes":""},"class_list":["post-102","page","type-page","status-publish","hentry"],"acf":[],"yoast_head":"<!-- This site is optimized with the Yoast SEO plugin v27.3 - https:\/\/yoast.com\/product\/yoast-seo-wordpress\/ -->\n<title>Documentation - Clinique des femmes de l&acirc;<\/title>\n<meta name=\"description\" content=\"Feminist medical clinic offering abortion, contraception, and IUD insertion services to women in the Outaouais region, and workshops on sexual health.\" \/>\n<meta name=\"robots\" content=\"index, follow, max-snippet:-1, max-image-preview:large, max-video-preview:-1\" \/>\n<link rel=\"canonical\" href=\"https:\/\/www.cliniquedesfemmes.com\/en\/documentation\/\" \/>\n<meta property=\"og:locale\" content=\"en_US\" \/>\n<meta property=\"og:type\" content=\"article\" \/>\n<meta property=\"og:title\" content=\"Documentation - Clinique des femmes de l&acirc;\" \/>\n<meta property=\"og:description\" content=\"Feminist medical clinic offering abortion, contraception, and IUD insertion services to women in the Outaouais region, and workshops on sexual health.\" \/>\n<meta property=\"og:url\" content=\"https:\/\/www.cliniquedesfemmes.com\/en\/documentation\/\" \/>\n<meta property=\"og:site_name\" content=\"Clinique des femmes de l&acirc;\" \/>\n<meta property=\"article:modified_time\" content=\"2017-07-13T20:21:21+00:00\" \/>\n<meta name=\"twitter:card\" content=\"summary_large_image\" \/>\n<script type=\"application\/ld+json\" class=\"yoast-schema-graph\">{\"@context\":\"https:\\\/\\\/schema.org\",\"@graph\":[{\"@type\":\"WebPage\",\"@id\":\"https:\\\/\\\/www.cliniquedesfemmes.com\\\/en\\\/documentation\\\/\",\"url\":\"https:\\\/\\\/www.cliniquedesfemmes.com\\\/en\\\/documentation\\\/\",\"name\":\"Documentation - Clinique des femmes de l&acirc;\",\"isPartOf\":{\"@id\":\"https:\\\/\\\/www.cliniquedesfemmes.com\\\/#website\"},\"datePublished\":\"2015-11-10T21:28:29+00:00\",\"dateModified\":\"2017-07-13T20:21:21+00:00\",\"description\":\"Feminist medical clinic offering abortion, contraception, and IUD insertion services to women in the Outaouais region, and workshops on sexual health.\",\"breadcrumb\":{\"@id\":\"https:\\\/\\\/www.cliniquedesfemmes.com\\\/en\\\/documentation\\\/#breadcrumb\"},\"inLanguage\":\"en-US\",\"potentialAction\":[{\"@type\":\"ReadAction\",\"target\":[\"https:\\\/\\\/www.cliniquedesfemmes.com\\\/en\\\/documentation\\\/\"]}]},{\"@type\":\"BreadcrumbList\",\"@id\":\"https:\\\/\\\/www.cliniquedesfemmes.com\\\/en\\\/documentation\\\/#breadcrumb\",\"itemListElement\":[{\"@type\":\"ListItem\",\"position\":1,\"name\":\"Accueil\",\"item\":\"https:\\\/\\\/www.cliniquedesfemmes.com\\\/en\\\/\"},{\"@type\":\"ListItem\",\"position\":2,\"name\":\"Documentation\"}]},{\"@type\":\"WebSite\",\"@id\":\"https:\\\/\\\/www.cliniquedesfemmes.com\\\/#website\",\"url\":\"https:\\\/\\\/www.cliniquedesfemmes.com\\\/\",\"name\":\"Clinique des femmes l'Outaouais\",\"description\":\"\",\"potentialAction\":[{\"@type\":\"SearchAction\",\"target\":{\"@type\":\"EntryPoint\",\"urlTemplate\":\"https:\\\/\\\/www.cliniquedesfemmes.com\\\/?s={search_term_string}\"},\"query-input\":{\"@type\":\"PropertyValueSpecification\",\"valueRequired\":true,\"valueName\":\"search_term_string\"}}],\"inLanguage\":\"en-US\"}]}<\/script>\n<!-- \/ Yoast SEO plugin. -->","yoast_head_json":{"title":"Documentation - Clinique des femmes de l&acirc;","description":"Feminist medical clinic offering abortion, contraception, and IUD insertion services to women in the Outaouais region, and workshops on sexual health.","robots":{"index":"index","follow":"follow","max-snippet":"max-snippet:-1","max-image-preview":"max-image-preview:large","max-video-preview":"max-video-preview:-1"},"canonical":"https:\/\/www.cliniquedesfemmes.com\/en\/documentation\/","og_locale":"en_US","og_type":"article","og_title":"Documentation - Clinique des femmes de l&acirc;","og_description":"Feminist medical clinic offering abortion, contraception, and IUD insertion services to women in the Outaouais region, and workshops on sexual health.","og_url":"https:\/\/www.cliniquedesfemmes.com\/en\/documentation\/","og_site_name":"Clinique des femmes de l&acirc;","article_modified_time":"2017-07-13T20:21:21+00:00","twitter_card":"summary_large_image","schema":{"@context":"https:\/\/schema.org","@graph":[{"@type":"WebPage","@id":"https:\/\/www.cliniquedesfemmes.com\/en\/documentation\/","url":"https:\/\/www.cliniquedesfemmes.com\/en\/documentation\/","name":"Documentation - Clinique des femmes de l&acirc;","isPartOf":{"@id":"https:\/\/www.cliniquedesfemmes.com\/#website"},"datePublished":"2015-11-10T21:28:29+00:00","dateModified":"2017-07-13T20:21:21+00:00","description":"Feminist medical clinic offering abortion, contraception, and IUD insertion services to women in the Outaouais region, and workshops on sexual health.","breadcrumb":{"@id":"https:\/\/www.cliniquedesfemmes.com\/en\/documentation\/#breadcrumb"},"inLanguage":"en-US","potentialAction":[{"@type":"ReadAction","target":["https:\/\/www.cliniquedesfemmes.com\/en\/documentation\/"]}]},{"@type":"BreadcrumbList","@id":"https:\/\/www.cliniquedesfemmes.com\/en\/documentation\/#breadcrumb","itemListElement":[{"@type":"ListItem","position":1,"name":"Accueil","item":"https:\/\/www.cliniquedesfemmes.com\/en\/"},{"@type":"ListItem","position":2,"name":"Documentation"}]},{"@type":"WebSite","@id":"https:\/\/www.cliniquedesfemmes.com\/#website","url":"https:\/\/www.cliniquedesfemmes.com\/","name":"Clinique des femmes l'Outaouais","description":"","potentialAction":[{"@type":"SearchAction","target":{"@type":"EntryPoint","urlTemplate":"https:\/\/www.cliniquedesfemmes.com\/?s={search_term_string}"},"query-input":{"@type":"PropertyValueSpecification","valueRequired":true,"valueName":"search_term_string"}}],"inLanguage":"en-US"}]}},"_links":{"self":[{"href":"https:\/\/www.cliniquedesfemmes.com\/en\/wp-json\/wp\/v2\/pages\/102\/"}],"collection":[{"href":"https:\/\/www.cliniquedesfemmes.com\/en\/wp-json\/wp\/v2\/pages\/"}],"about":[{"href":"https:\/\/www.cliniquedesfemmes.com\/en\/wp-json\/wp\/v2\/types\/page\/"}],"author":[{"embeddable":true,"href":"https:\/\/www.cliniquedesfemmes.com\/en\/wp-json\/wp\/v2\/users\/1\/"}],"replies":[{"embeddable":true,"href":"https:\/\/www.cliniquedesfemmes.com\/en\/wp-json\/wp\/v2\/comments\/?post=102"}],"version-history":[{"count":0,"href":"https:\/\/www.cliniquedesfemmes.com\/en\/wp-json\/wp\/v2\/pages\/102\/revisions\/"}],"wp:attachment":[{"href":"https:\/\/www.cliniquedesfemmes.com\/en\/wp-json\/wp\/v2\/media\/?parent=102"}],"curies":[{"name":"wp","href":"https:\/\/api.w.org\/{rel}","templated":true}]}}