{"id":115,"date":"2015-11-10T21:35:31","date_gmt":"2015-11-10T21:35:31","guid":{"rendered":"http:\/\/www.cfo.projetlab.ca\/es\/?page_id=115"},"modified":"2017-01-31T19:23:07","modified_gmt":"2017-01-31T19:23:07","slug":"clinica-de-implantacion-del-dispositivo-intra-uterino-diu","status":"publish","type":"page","link":"https:\/\/www.cliniquedesfemmes.com\/es\/services\/clinica-de-implantacion-del-dispositivo-intra-uterino-diu\/","title":{"rendered":"Cl\u00ednica de implantaci\u00f3n del dispositivo intra uterino (DIU)"},"content":{"rendered":"<p>Ofrecemos el servicio de implantaci\u00f3n del dispositivo anticoncepcional intra uterino (DIU) a las mujeres que lo soliciten, a\u00fan aquellas que tengan un m\u00e9dico de familia.<\/p>\n<h4>Solicitud de la cita<\/h4>\n<p>Usted debe llamar a la cl\u00ednica para solicitar una cita. Le ser\u00e1 asignada una primera cita con una enfermera.<\/p>\n<h4>Encuentro con la enfermera<\/h4>\n<p>El primer encuentro obligatorio ser\u00e1 con una enfermera de la cl\u00ednica antes de la colocaci\u00f3n del dispositivo de contracepci\u00f3n. En este encuentro la enfermera le har\u00e1 un cuestionario con respecto a su estado de salud, un examen de cuello uterino para identificar si hay presencia de infecciones de transmisi\u00f3n sexual (Clamidia y Gonorrea) y un test Pap (Papanicolau) si se requiere. Ella le dar\u00e1 a usted las consignas a seguir antes de la implantaci\u00f3n, as\u00ed como una prescripci\u00f3n, si usted lo desea, de un dispositivo que contenga progesterona (Myrena o Jaydess).<\/p>\n<h4>Procedimiento de Inserci\u00f3n del dispositivo<\/h4>\n<p>La inserci\u00f3n de un dispositivo de contracepci\u00f3n es una intervenci\u00f3n simple y de corta duraci\u00f3n. Usted debe contar en promedio con 30 minutos para esta cita. No es necesario asistir con acompa\u00f1ante. Si usted desea estar acompa\u00f1ada, sepa que esta persona no puede ingresar al consultorio, ella deber\u00e1 esperarle en la sala de espera.<\/p>\n<p>Inicialmente usted ser\u00e1 atendida por una enfermera quien le har\u00e1 un cuestionario resumido sobre su estado de salud y le tomara la tensi\u00f3n arterial. Enseguida le atender\u00e1 el m\u00e9dico, quien le instalar\u00e1 el dispositivo. Durante este procedimiento usted estar\u00e1 sola gran parte del tiempo con el m\u00e9dico.<\/p>\n<p>Usted puede sentir calambres durante y despu\u00e9s de la inserci\u00f3n del dispositivo. En algunas ocasiones, algunas mujeres pueden experimentar un malestar (Choque vagal) dentro de los 10 minutos que siguen a la implantaci\u00f3n del dispositivo. Es por esta raz\u00f3n que pedimos a las mujeres permanecer 10 minutos en la sala de espera antes de retirarse de la cl\u00ednica. Nosotros haremos intervenci\u00f3n r\u00e1pidamente para ayudarle en caso de que presente alg\u00fan malestar y para ayudarle a sentirse mejor.<\/p>\n<h4>Seguimiento<\/h4>\n<p>Se sugiere de manera importante un seguimiento entre la 6ta y 8va semana despu\u00e9s de la implantaci\u00f3n del dispositivo. Por regla general, su m\u00e9dico de familia puede hacer este seguimiento aunque \u00e9l no lo haya implantado. Si usted no tiene m\u00e9dico de familia o si su m\u00e9dico no hace este tipo de seguimientos, nosotros le haremos el seguimiento en la cl\u00ednica.<\/p>\n<p>Si usted tiene dudas, preguntas o alguna preocupaci\u00f3n con respecto a la implantaci\u00f3n del dispositivo, no dude en contactarnos.<\/p>\n","protected":false},"excerpt":{"rendered":"<p>Ofrecemos el servicio de implantaci\u00f3n del dispositivo anticoncepcional intra uterino (DIU) a las mujeres que lo soliciten, a\u00fan aquellas que tengan un m\u00e9dico de familia. Solicitud de la cita Usted debe llamar a la cl\u00ednica para solicitar una cita. Le ser\u00e1 asignada una primera cita con una enfermera. Encuentro con la enfermera El primer encuentro [&hellip;]<\/p>\n","protected":false},"author":1,"featured_media":0,"parent":111,"menu_order":0,"comment_status":"closed","ping_status":"closed","template":"t-services.php","meta":{"_acf_changed":false,"_exactmetrics_skip_tracking":false,"_exactmetrics_sitenote_active":false,"_exactmetrics_sitenote_note":"","_exactmetrics_sitenote_category":0,"footnotes":""},"class_list":["post-115","page","type-page","status-publish","hentry"],"acf":[],"yoast_head":"<!-- This site is optimized with the Yoast SEO plugin v25.9 - https:\/\/yoast.com\/wordpress\/plugins\/seo\/ -->\n<title>Cl\u00ednica de implantaci\u00f3n del dispositivo intra uterino (DIU) - Clinique des femmes de l&acirc;<\/title>\n<meta name=\"description\" content=\"Cl\u00ednica ofreciendo servicios de abortos, contracepci\u00f3n e inserci\u00f3n de DIU para mujeres del Outaouais, y talleres de informaci\u00f3n en salud sexual\" \/>\n<meta name=\"robots\" content=\"index, follow, max-snippet:-1, max-image-preview:large, max-video-preview:-1\" \/>\n<link rel=\"canonical\" href=\"https:\/\/www.cliniquedesfemmes.com\/es\/services\/clinica-de-implantacion-del-dispositivo-intra-uterino-diu\/\" \/>\n<meta property=\"og:locale\" content=\"es_ES\" \/>\n<meta property=\"og:type\" content=\"article\" \/>\n<meta property=\"og:title\" content=\"Cl\u00ednica de implantaci\u00f3n del dispositivo intra uterino (DIU) - Clinique des femmes de l&acirc;\" \/>\n<meta property=\"og:description\" content=\"Cl\u00ednica ofreciendo servicios de abortos, contracepci\u00f3n e inserci\u00f3n de DIU para mujeres del Outaouais, y talleres de informaci\u00f3n en salud sexual\" \/>\n<meta property=\"og:url\" content=\"https:\/\/www.cliniquedesfemmes.com\/es\/services\/clinica-de-implantacion-del-dispositivo-intra-uterino-diu\/\" \/>\n<meta property=\"og:site_name\" content=\"Clinique des femmes de l&acirc;\" \/>\n<meta property=\"article:modified_time\" content=\"2017-01-31T19:23:07+00:00\" \/>\n<meta name=\"twitter:card\" content=\"summary_large_image\" \/>\n<meta name=\"twitter:label1\" content=\"Tiempo de lectura\" \/>\n\t<meta name=\"twitter:data1\" content=\"2 minutos\" \/>\n<script type=\"application\/ld+json\" class=\"yoast-schema-graph\">{\"@context\":\"https:\/\/schema.org\",\"@graph\":[{\"@type\":\"WebPage\",\"@id\":\"https:\/\/www.cliniquedesfemmes.com\/es\/services\/clinica-de-implantacion-del-dispositivo-intra-uterino-diu\/\",\"url\":\"https:\/\/www.cliniquedesfemmes.com\/es\/services\/clinica-de-implantacion-del-dispositivo-intra-uterino-diu\/\",\"name\":\"Cl\u00ednica de implantaci\u00f3n del dispositivo intra uterino (DIU) - Clinique des femmes de l&acirc;\",\"isPartOf\":{\"@id\":\"https:\/\/www.cliniquedesfemmes.com\/#website\"},\"datePublished\":\"2015-11-10T21:35:31+00:00\",\"dateModified\":\"2017-01-31T19:23:07+00:00\",\"description\":\"Cl\u00ednica ofreciendo servicios de abortos, contracepci\u00f3n e inserci\u00f3n de DIU para mujeres del Outaouais, y talleres de informaci\u00f3n en salud sexual\",\"breadcrumb\":{\"@id\":\"https:\/\/www.cliniquedesfemmes.com\/es\/services\/clinica-de-implantacion-del-dispositivo-intra-uterino-diu\/#breadcrumb\"},\"inLanguage\":\"es\",\"potentialAction\":[{\"@type\":\"ReadAction\",\"target\":[\"https:\/\/www.cliniquedesfemmes.com\/es\/services\/clinica-de-implantacion-del-dispositivo-intra-uterino-diu\/\"]}]},{\"@type\":\"BreadcrumbList\",\"@id\":\"https:\/\/www.cliniquedesfemmes.com\/es\/services\/clinica-de-implantacion-del-dispositivo-intra-uterino-diu\/#breadcrumb\",\"itemListElement\":[{\"@type\":\"ListItem\",\"position\":1,\"name\":\"Accueil\",\"item\":\"https:\/\/www.cliniquedesfemmes.com\/es\/\"},{\"@type\":\"ListItem\",\"position\":2,\"name\":\"Servicios ofrecidos\",\"item\":\"https:\/\/www.cliniquedesfemmes.com\/es\/services\/\"},{\"@type\":\"ListItem\",\"position\":3,\"name\":\"Cl\u00ednica de implantaci\u00f3n del dispositivo intra uterino (DIU)\"}]},{\"@type\":\"WebSite\",\"@id\":\"https:\/\/www.cliniquedesfemmes.com\/#website\",\"url\":\"https:\/\/www.cliniquedesfemmes.com\/\",\"name\":\"Clinique des femmes l'Outaouais\",\"description\":\"\",\"potentialAction\":[{\"@type\":\"SearchAction\",\"target\":{\"@type\":\"EntryPoint\",\"urlTemplate\":\"https:\/\/www.cliniquedesfemmes.com\/?s={search_term_string}\"},\"query-input\":{\"@type\":\"PropertyValueSpecification\",\"valueRequired\":true,\"valueName\":\"search_term_string\"}}],\"inLanguage\":\"es\"}]}<\/script>\n<!-- \/ Yoast SEO plugin. -->","yoast_head_json":{"title":"Cl\u00ednica de implantaci\u00f3n del dispositivo intra uterino (DIU) - Clinique des femmes de l&acirc;","description":"Cl\u00ednica ofreciendo servicios de abortos, contracepci\u00f3n e inserci\u00f3n de DIU para mujeres del Outaouais, y talleres de informaci\u00f3n en salud sexual","robots":{"index":"index","follow":"follow","max-snippet":"max-snippet:-1","max-image-preview":"max-image-preview:large","max-video-preview":"max-video-preview:-1"},"canonical":"https:\/\/www.cliniquedesfemmes.com\/es\/services\/clinica-de-implantacion-del-dispositivo-intra-uterino-diu\/","og_locale":"es_ES","og_type":"article","og_title":"Cl\u00ednica de implantaci\u00f3n del dispositivo intra uterino (DIU) - Clinique des femmes de l&acirc;","og_description":"Cl\u00ednica ofreciendo servicios de abortos, contracepci\u00f3n e inserci\u00f3n de DIU para mujeres del Outaouais, y talleres de informaci\u00f3n en salud sexual","og_url":"https:\/\/www.cliniquedesfemmes.com\/es\/services\/clinica-de-implantacion-del-dispositivo-intra-uterino-diu\/","og_site_name":"Clinique des femmes de l&acirc;","article_modified_time":"2017-01-31T19:23:07+00:00","twitter_card":"summary_large_image","twitter_misc":{"Tiempo de lectura":"2 minutos"},"schema":{"@context":"https:\/\/schema.org","@graph":[{"@type":"WebPage","@id":"https:\/\/www.cliniquedesfemmes.com\/es\/services\/clinica-de-implantacion-del-dispositivo-intra-uterino-diu\/","url":"https:\/\/www.cliniquedesfemmes.com\/es\/services\/clinica-de-implantacion-del-dispositivo-intra-uterino-diu\/","name":"Cl\u00ednica de implantaci\u00f3n del dispositivo intra uterino (DIU) - Clinique des femmes de l&acirc;","isPartOf":{"@id":"https:\/\/www.cliniquedesfemmes.com\/#website"},"datePublished":"2015-11-10T21:35:31+00:00","dateModified":"2017-01-31T19:23:07+00:00","description":"Cl\u00ednica ofreciendo servicios de abortos, contracepci\u00f3n e inserci\u00f3n de DIU para mujeres del Outaouais, y talleres de informaci\u00f3n en salud sexual","breadcrumb":{"@id":"https:\/\/www.cliniquedesfemmes.com\/es\/services\/clinica-de-implantacion-del-dispositivo-intra-uterino-diu\/#breadcrumb"},"inLanguage":"es","potentialAction":[{"@type":"ReadAction","target":["https:\/\/www.cliniquedesfemmes.com\/es\/services\/clinica-de-implantacion-del-dispositivo-intra-uterino-diu\/"]}]},{"@type":"BreadcrumbList","@id":"https:\/\/www.cliniquedesfemmes.com\/es\/services\/clinica-de-implantacion-del-dispositivo-intra-uterino-diu\/#breadcrumb","itemListElement":[{"@type":"ListItem","position":1,"name":"Accueil","item":"https:\/\/www.cliniquedesfemmes.com\/es\/"},{"@type":"ListItem","position":2,"name":"Servicios ofrecidos","item":"https:\/\/www.cliniquedesfemmes.com\/es\/services\/"},{"@type":"ListItem","position":3,"name":"Cl\u00ednica de implantaci\u00f3n del dispositivo intra uterino (DIU)"}]},{"@type":"WebSite","@id":"https:\/\/www.cliniquedesfemmes.com\/#website","url":"https:\/\/www.cliniquedesfemmes.com\/","name":"Clinique des femmes l'Outaouais","description":"","potentialAction":[{"@type":"SearchAction","target":{"@type":"EntryPoint","urlTemplate":"https:\/\/www.cliniquedesfemmes.com\/?s={search_term_string}"},"query-input":{"@type":"PropertyValueSpecification","valueRequired":true,"valueName":"search_term_string"}}],"inLanguage":"es"}]}},"_links":{"self":[{"href":"https:\/\/www.cliniquedesfemmes.com\/es\/wp-json\/wp\/v2\/pages\/115\/"}],"collection":[{"href":"https:\/\/www.cliniquedesfemmes.com\/es\/wp-json\/wp\/v2\/pages\/"}],"about":[{"href":"https:\/\/www.cliniquedesfemmes.com\/es\/wp-json\/wp\/v2\/types\/page\/"}],"author":[{"embeddable":true,"href":"https:\/\/www.cliniquedesfemmes.com\/es\/wp-json\/wp\/v2\/users\/1\/"}],"replies":[{"embeddable":true,"href":"https:\/\/www.cliniquedesfemmes.com\/es\/wp-json\/wp\/v2\/comments\/?post=115"}],"version-history":[{"count":0,"href":"https:\/\/www.cliniquedesfemmes.com\/es\/wp-json\/wp\/v2\/pages\/115\/revisions\/"}],"up":[{"embeddable":true,"href":"https:\/\/www.cliniquedesfemmes.com\/es\/wp-json\/wp\/v2\/pages\/111\/"}],"wp:attachment":[{"href":"https:\/\/www.cliniquedesfemmes.com\/es\/wp-json\/wp\/v2\/media\/?parent=115"}],"curies":[{"name":"wp","href":"https:\/\/api.w.org\/{rel}","templated":true}]}}