{"id":117,"date":"2015-11-10T21:36:00","date_gmt":"2015-11-10T21:36:00","guid":{"rendered":"http:\/\/www.cfo.projetlab.ca\/es\/?page_id=117"},"modified":"2016-01-06T20:39:19","modified_gmt":"2016-01-06T20:39:19","slug":"contracepcion-de-urgencia","status":"publish","type":"page","link":"https:\/\/www.cliniquedesfemmes.com\/es\/services\/contracepcion-de-urgencia\/","title":{"rendered":"Contracepci\u00f3n de urgencia"},"content":{"rendered":"<p>Si usted tuvo relaciones sexuales sin protecci\u00f3n y teme por un embarazo no deseado, existen m\u00e9todos de contracepci\u00f3n de urgencia.<br \/>\nLa p\u00edldora contraceptiva de urgencia puede ser tomada hasta 120 horas despu\u00e9s de la relaci\u00f3n sexual. Entre m\u00e1s temprano se tome, mayor efectividad. Esta p\u00edldora contraceptiva se encuentra disponible en farmacias sin prescripci\u00f3n m\u00e9dica.<\/p>\n<p>El dispositivo del d\u00eda siguiente&nbsp;: Es posible implantar un dispositivo anticoncepcional al d\u00eda siguiente y hasta 7 d\u00edas despu\u00e9s de la relaci\u00f3n sexual sin protecci\u00f3n. Se implanta un dispositivo en cobre. Este lo podemos implantar en la cl\u00ednica de la mujer.<\/p>\n<h4>Solicitud de la cita<\/h4>\n<p>Si usted decide la implantaci\u00f3n del dispositivo de urgencia, comun\u00edquese por tel\u00e9fono con la cl\u00ednica de la mujer y nosotros haremos lo posible pos darle una cita lo m\u00e1s pronto posible. Se encontrar\u00e1 con una enfermera y con un m\u00e9dico quien le explicara sobre los riesgos de la implantaci\u00f3n del dispositivo.<\/p>\n<h4>Seguimiento<\/h4>\n<p>Se aconseja hacer una prueba de embarazo alrededor de 3 semanas despu\u00e9s de la implantaci\u00f3n de dispositivo de urgencia para determinar si usted se encuentra en embarazo.<\/p>\n<p>Se recomienda tambi\u00e9n un seguimiento de 6 a 8 semanas despu\u00e9s de la implantaci\u00f3n del dispositivo de urgencia. Generalmente este seguimiento lo hace el m\u00e9dico de familia aunque \u00e9l no lo haya realizado el procedimiento de implantaci\u00f3n. Si usted no tiene m\u00e9dico familiar o si \u00e9l no realiza este tipo de seguimientos, nosotros haremos el seguimiento en la cl\u00ednica.<\/p>\n","protected":false},"excerpt":{"rendered":"<p>Si usted tuvo relaciones sexuales sin protecci\u00f3n y teme por un embarazo no deseado, existen m\u00e9todos de contracepci\u00f3n de urgencia. La p\u00edldora contraceptiva de urgencia puede ser tomada hasta 120 horas despu\u00e9s de la relaci\u00f3n sexual. Entre m\u00e1s temprano se tome, mayor efectividad. Esta p\u00edldora contraceptiva se encuentra disponible en farmacias sin prescripci\u00f3n m\u00e9dica. El [&hellip;]<\/p>\n","protected":false},"author":1,"featured_media":0,"parent":111,"menu_order":0,"comment_status":"closed","ping_status":"closed","template":"t-services.php","meta":{"_acf_changed":false,"_exactmetrics_skip_tracking":false,"_exactmetrics_sitenote_active":false,"_exactmetrics_sitenote_note":"","_exactmetrics_sitenote_category":0,"footnotes":""},"class_list":["post-117","page","type-page","status-publish","hentry"],"acf":[],"yoast_head":"<!-- This site is optimized with the Yoast SEO plugin v27.3 - https:\/\/yoast.com\/product\/yoast-seo-wordpress\/ -->\n<title>Contracepci\u00f3n de urgencia - Clinique des femmes de l&acirc;<\/title>\n<meta name=\"description\" content=\"Cl\u00ednica ofreciendo servicios de abortos, contracepci\u00f3n e inserci\u00f3n de DIU para mujeres del Outaouais, y talleres de informaci\u00f3n en salud sexual\" \/>\n<meta name=\"robots\" content=\"index, follow, max-snippet:-1, max-image-preview:large, max-video-preview:-1\" \/>\n<link rel=\"canonical\" href=\"https:\/\/www.cliniquedesfemmes.com\/es\/services\/contracepcion-de-urgencia\/\" \/>\n<meta property=\"og:locale\" content=\"es_ES\" \/>\n<meta property=\"og:type\" content=\"article\" \/>\n<meta property=\"og:title\" content=\"Contracepci\u00f3n de urgencia - Clinique des femmes de l&acirc;\" \/>\n<meta property=\"og:description\" content=\"Cl\u00ednica ofreciendo servicios de abortos, contracepci\u00f3n e inserci\u00f3n de DIU para mujeres del Outaouais, y talleres de informaci\u00f3n en salud sexual\" \/>\n<meta property=\"og:url\" content=\"https:\/\/www.cliniquedesfemmes.com\/es\/services\/contracepcion-de-urgencia\/\" \/>\n<meta property=\"og:site_name\" content=\"Clinique des femmes de l&acirc;\" \/>\n<meta property=\"article:modified_time\" content=\"2016-01-06T20:39:19+00:00\" \/>\n<meta name=\"twitter:card\" content=\"summary_large_image\" \/>\n<meta name=\"twitter:label1\" content=\"Tiempo de lectura\" \/>\n\t<meta name=\"twitter:data1\" content=\"1 minuto\" \/>\n<script type=\"application\/ld+json\" class=\"yoast-schema-graph\">{\"@context\":\"https:\\\/\\\/schema.org\",\"@graph\":[{\"@type\":\"WebPage\",\"@id\":\"https:\\\/\\\/www.cliniquedesfemmes.com\\\/es\\\/services\\\/contracepcion-de-urgencia\\\/\",\"url\":\"https:\\\/\\\/www.cliniquedesfemmes.com\\\/es\\\/services\\\/contracepcion-de-urgencia\\\/\",\"name\":\"Contracepci\u00f3n de urgencia - Clinique des femmes de l&acirc;\",\"isPartOf\":{\"@id\":\"https:\\\/\\\/www.cliniquedesfemmes.com\\\/#website\"},\"datePublished\":\"2015-11-10T21:36:00+00:00\",\"dateModified\":\"2016-01-06T20:39:19+00:00\",\"description\":\"Cl\u00ednica ofreciendo servicios de abortos, contracepci\u00f3n e inserci\u00f3n de DIU para mujeres del Outaouais, y talleres de informaci\u00f3n en salud sexual\",\"breadcrumb\":{\"@id\":\"https:\\\/\\\/www.cliniquedesfemmes.com\\\/es\\\/services\\\/contracepcion-de-urgencia\\\/#breadcrumb\"},\"inLanguage\":\"es\",\"potentialAction\":[{\"@type\":\"ReadAction\",\"target\":[\"https:\\\/\\\/www.cliniquedesfemmes.com\\\/es\\\/services\\\/contracepcion-de-urgencia\\\/\"]}]},{\"@type\":\"BreadcrumbList\",\"@id\":\"https:\\\/\\\/www.cliniquedesfemmes.com\\\/es\\\/services\\\/contracepcion-de-urgencia\\\/#breadcrumb\",\"itemListElement\":[{\"@type\":\"ListItem\",\"position\":1,\"name\":\"Accueil\",\"item\":\"https:\\\/\\\/www.cliniquedesfemmes.com\\\/es\\\/\"},{\"@type\":\"ListItem\",\"position\":2,\"name\":\"Servicios ofrecidos\",\"item\":\"https:\\\/\\\/www.cliniquedesfemmes.com\\\/es\\\/services\\\/\"},{\"@type\":\"ListItem\",\"position\":3,\"name\":\"Contracepci\u00f3n de urgencia\"}]},{\"@type\":\"WebSite\",\"@id\":\"https:\\\/\\\/www.cliniquedesfemmes.com\\\/#website\",\"url\":\"https:\\\/\\\/www.cliniquedesfemmes.com\\\/\",\"name\":\"Clinique des femmes l'Outaouais\",\"description\":\"\",\"potentialAction\":[{\"@type\":\"SearchAction\",\"target\":{\"@type\":\"EntryPoint\",\"urlTemplate\":\"https:\\\/\\\/www.cliniquedesfemmes.com\\\/?s={search_term_string}\"},\"query-input\":{\"@type\":\"PropertyValueSpecification\",\"valueRequired\":true,\"valueName\":\"search_term_string\"}}],\"inLanguage\":\"es\"}]}<\/script>\n<!-- \/ Yoast SEO plugin. -->","yoast_head_json":{"title":"Contracepci\u00f3n de urgencia - Clinique des femmes de l&acirc;","description":"Cl\u00ednica ofreciendo servicios de abortos, contracepci\u00f3n e inserci\u00f3n de DIU para mujeres del Outaouais, y talleres de informaci\u00f3n en salud sexual","robots":{"index":"index","follow":"follow","max-snippet":"max-snippet:-1","max-image-preview":"max-image-preview:large","max-video-preview":"max-video-preview:-1"},"canonical":"https:\/\/www.cliniquedesfemmes.com\/es\/services\/contracepcion-de-urgencia\/","og_locale":"es_ES","og_type":"article","og_title":"Contracepci\u00f3n de urgencia - Clinique des femmes de l&acirc;","og_description":"Cl\u00ednica ofreciendo servicios de abortos, contracepci\u00f3n e inserci\u00f3n de DIU para mujeres del Outaouais, y talleres de informaci\u00f3n en salud sexual","og_url":"https:\/\/www.cliniquedesfemmes.com\/es\/services\/contracepcion-de-urgencia\/","og_site_name":"Clinique des femmes de l&acirc;","article_modified_time":"2016-01-06T20:39:19+00:00","twitter_card":"summary_large_image","twitter_misc":{"Tiempo de lectura":"1 minuto"},"schema":{"@context":"https:\/\/schema.org","@graph":[{"@type":"WebPage","@id":"https:\/\/www.cliniquedesfemmes.com\/es\/services\/contracepcion-de-urgencia\/","url":"https:\/\/www.cliniquedesfemmes.com\/es\/services\/contracepcion-de-urgencia\/","name":"Contracepci\u00f3n de urgencia - Clinique des femmes de l&acirc;","isPartOf":{"@id":"https:\/\/www.cliniquedesfemmes.com\/#website"},"datePublished":"2015-11-10T21:36:00+00:00","dateModified":"2016-01-06T20:39:19+00:00","description":"Cl\u00ednica ofreciendo servicios de abortos, contracepci\u00f3n e inserci\u00f3n de DIU para mujeres del Outaouais, y talleres de informaci\u00f3n en salud sexual","breadcrumb":{"@id":"https:\/\/www.cliniquedesfemmes.com\/es\/services\/contracepcion-de-urgencia\/#breadcrumb"},"inLanguage":"es","potentialAction":[{"@type":"ReadAction","target":["https:\/\/www.cliniquedesfemmes.com\/es\/services\/contracepcion-de-urgencia\/"]}]},{"@type":"BreadcrumbList","@id":"https:\/\/www.cliniquedesfemmes.com\/es\/services\/contracepcion-de-urgencia\/#breadcrumb","itemListElement":[{"@type":"ListItem","position":1,"name":"Accueil","item":"https:\/\/www.cliniquedesfemmes.com\/es\/"},{"@type":"ListItem","position":2,"name":"Servicios ofrecidos","item":"https:\/\/www.cliniquedesfemmes.com\/es\/services\/"},{"@type":"ListItem","position":3,"name":"Contracepci\u00f3n de urgencia"}]},{"@type":"WebSite","@id":"https:\/\/www.cliniquedesfemmes.com\/#website","url":"https:\/\/www.cliniquedesfemmes.com\/","name":"Clinique des femmes l'Outaouais","description":"","potentialAction":[{"@type":"SearchAction","target":{"@type":"EntryPoint","urlTemplate":"https:\/\/www.cliniquedesfemmes.com\/?s={search_term_string}"},"query-input":{"@type":"PropertyValueSpecification","valueRequired":true,"valueName":"search_term_string"}}],"inLanguage":"es"}]}},"_links":{"self":[{"href":"https:\/\/www.cliniquedesfemmes.com\/es\/wp-json\/wp\/v2\/pages\/117\/"}],"collection":[{"href":"https:\/\/www.cliniquedesfemmes.com\/es\/wp-json\/wp\/v2\/pages\/"}],"about":[{"href":"https:\/\/www.cliniquedesfemmes.com\/es\/wp-json\/wp\/v2\/types\/page\/"}],"author":[{"embeddable":true,"href":"https:\/\/www.cliniquedesfemmes.com\/es\/wp-json\/wp\/v2\/users\/1\/"}],"replies":[{"embeddable":true,"href":"https:\/\/www.cliniquedesfemmes.com\/es\/wp-json\/wp\/v2\/comments\/?post=117"}],"version-history":[{"count":0,"href":"https:\/\/www.cliniquedesfemmes.com\/es\/wp-json\/wp\/v2\/pages\/117\/revisions\/"}],"up":[{"embeddable":true,"href":"https:\/\/www.cliniquedesfemmes.com\/es\/wp-json\/wp\/v2\/pages\/111\/"}],"wp:attachment":[{"href":"https:\/\/www.cliniquedesfemmes.com\/es\/wp-json\/wp\/v2\/media\/?parent=117"}],"curies":[{"name":"wp","href":"https:\/\/api.w.org\/{rel}","templated":true}]}}