{"id":1679,"date":"2023-04-03T14:49:45","date_gmt":"2023-04-03T18:49:45","guid":{"rendered":"https:\/\/www.cliniquedesfemmes.com\/?page_id=1679"},"modified":"2023-04-03T14:49:45","modified_gmt":"2023-04-03T18:49:45","slug":"intervencion-medico-social-con-victimas-de-agresiones-sexuales-entre-6-dias-y-6-meses","status":"publish","type":"page","link":"https:\/\/www.cliniquedesfemmes.com\/es\/services\/intervencion-medico-social-con-victimas-de-agresiones-sexuales-entre-6-dias-y-6-meses\/","title":{"rendered":"Intervenci\u00f3n m\u00e9dico-social con v\u00edctimas de agresiones sexuales (entre 6 d\u00edas y 6 meses)"},"content":{"rendered":"<p>La Cl\u00ednica de la Mujer es el centro designado en Outaouais para la intervenci\u00f3n m\u00e9dico-social con v\u00edctimas de agresiones sexuales ocurridas hace m\u00e1s de 6 d\u00edas y menos de 6 meses. Ofrecemos diversos servicios de asistencia m\u00e9dica y psicosocial a las v\u00edctimas. Tambi\u00e9n podemos producir, con su consentimiento, un kit m\u00e9dico-social para documentar las pruebas de agresi\u00f3n sexual en caso de que desee presentar una denuncia ante la polic\u00eda.<\/p>\n<p>Si usted es mujer, hombre trans o persona no binaria asignada mujer al nacer, mayor de 14 a\u00f1os, que sufri\u00f3 una agresi\u00f3n sexual hace m\u00e1s de 6 d\u00edas y menos de 6 meses, puede beneficiar de nuestros servicios. Para ello, le invitamos a comunicarse con info-social al 811 para que se inicie el protocolo. Info-social se encargar\u00e1 de realizar la derivaci\u00f3n a nuestros servicios y nos pondremos en contacto con usted en un plazo de dos d\u00edas laborables para darte una cita con nuestra trabajadora psicosocial y nuestro equipo m\u00e9dico.<\/p>\n<p>Tenga en cuenta que si ha solicitado una intervenci\u00f3n m\u00e9dico-legal o m\u00e9dico-social de emergencia en un centro hospitalario para v\u00edctimas de agresi\u00f3n sexual de menos de 5 d\u00edas, la Cl\u00ednica de la Mujer no podr\u00e1 brindar seguimiento. Ser\u00e1 importante comunicarse con Info-social al 811 si desea hacer un seguimiento de sus resultados o si requiere m\u00e1s servicios.<\/p>\n","protected":false},"excerpt":{"rendered":"<p>La Cl\u00ednica de la Mujer es el centro designado en Outaouais para la intervenci\u00f3n m\u00e9dico-social con v\u00edctimas de agresiones sexuales ocurridas hace m\u00e1s de 6 d\u00edas y menos de 6 meses. Ofrecemos diversos servicios de asistencia m\u00e9dica y psicosocial a las v\u00edctimas. Tambi\u00e9n podemos producir, con su consentimiento, un kit m\u00e9dico-social para documentar las pruebas [&hellip;]<\/p>\n","protected":false},"author":4,"featured_media":0,"parent":111,"menu_order":0,"comment_status":"closed","ping_status":"closed","template":"","meta":{"_acf_changed":false,"_exactmetrics_skip_tracking":false,"_exactmetrics_sitenote_active":false,"_exactmetrics_sitenote_note":"","_exactmetrics_sitenote_category":0,"footnotes":""},"class_list":["post-1679","page","type-page","status-publish","hentry"],"acf":[],"yoast_head":"<!-- This site is optimized with the Yoast SEO plugin v27.3 - https:\/\/yoast.com\/product\/yoast-seo-wordpress\/ -->\n<title>Intervenci\u00f3n m\u00e9dico-social con v\u00edctimas de agresiones sexuales (entre 6 d\u00edas y 6 meses) - Clinique des femmes de l&acirc;<\/title>\n<meta name=\"robots\" content=\"index, follow, max-snippet:-1, max-image-preview:large, max-video-preview:-1\" \/>\n<link rel=\"canonical\" href=\"https:\/\/www.cliniquedesfemmes.com\/es\/services\/intervencion-medico-social-con-victimas-de-agresiones-sexuales-entre-6-dias-y-6-meses\/\" \/>\n<meta property=\"og:locale\" content=\"es_ES\" \/>\n<meta property=\"og:type\" content=\"article\" \/>\n<meta property=\"og:title\" content=\"Intervenci\u00f3n m\u00e9dico-social con v\u00edctimas de agresiones sexuales (entre 6 d\u00edas y 6 meses) - Clinique des femmes de l&acirc;\" \/>\n<meta property=\"og:description\" content=\"La Cl\u00ednica de la Mujer es el centro designado en Outaouais para la intervenci\u00f3n m\u00e9dico-social con v\u00edctimas de agresiones sexuales ocurridas hace m\u00e1s de 6 d\u00edas y menos de 6 meses. Ofrecemos diversos servicios de asistencia m\u00e9dica y psicosocial a las v\u00edctimas. Tambi\u00e9n podemos producir, con su consentimiento, un kit m\u00e9dico-social para documentar las pruebas [&hellip;]\" \/>\n<meta property=\"og:url\" content=\"https:\/\/www.cliniquedesfemmes.com\/es\/services\/intervencion-medico-social-con-victimas-de-agresiones-sexuales-entre-6-dias-y-6-meses\/\" \/>\n<meta property=\"og:site_name\" content=\"Clinique des femmes de l&acirc;\" \/>\n<meta name=\"twitter:card\" content=\"summary_large_image\" \/>\n<meta name=\"twitter:label1\" content=\"Tiempo de lectura\" \/>\n\t<meta name=\"twitter:data1\" content=\"2 minutos\" \/>\n<script type=\"application\/ld+json\" class=\"yoast-schema-graph\">{\"@context\":\"https:\\\/\\\/schema.org\",\"@graph\":[{\"@type\":\"WebPage\",\"@id\":\"https:\\\/\\\/www.cliniquedesfemmes.com\\\/es\\\/services\\\/intervencion-medico-social-con-victimas-de-agresiones-sexuales-entre-6-dias-y-6-meses\\\/\",\"url\":\"https:\\\/\\\/www.cliniquedesfemmes.com\\\/es\\\/services\\\/intervencion-medico-social-con-victimas-de-agresiones-sexuales-entre-6-dias-y-6-meses\\\/\",\"name\":\"Intervenci\u00f3n m\u00e9dico-social con v\u00edctimas de agresiones sexuales (entre 6 d\u00edas y 6 meses) - Clinique des femmes de l&acirc;\",\"isPartOf\":{\"@id\":\"https:\\\/\\\/www.cliniquedesfemmes.com\\\/#website\"},\"datePublished\":\"2023-04-03T18:49:45+00:00\",\"breadcrumb\":{\"@id\":\"https:\\\/\\\/www.cliniquedesfemmes.com\\\/es\\\/services\\\/intervencion-medico-social-con-victimas-de-agresiones-sexuales-entre-6-dias-y-6-meses\\\/#breadcrumb\"},\"inLanguage\":\"es\",\"potentialAction\":[{\"@type\":\"ReadAction\",\"target\":[\"https:\\\/\\\/www.cliniquedesfemmes.com\\\/es\\\/services\\\/intervencion-medico-social-con-victimas-de-agresiones-sexuales-entre-6-dias-y-6-meses\\\/\"]}]},{\"@type\":\"BreadcrumbList\",\"@id\":\"https:\\\/\\\/www.cliniquedesfemmes.com\\\/es\\\/services\\\/intervencion-medico-social-con-victimas-de-agresiones-sexuales-entre-6-dias-y-6-meses\\\/#breadcrumb\",\"itemListElement\":[{\"@type\":\"ListItem\",\"position\":1,\"name\":\"Accueil\",\"item\":\"https:\\\/\\\/www.cliniquedesfemmes.com\\\/es\\\/\"},{\"@type\":\"ListItem\",\"position\":2,\"name\":\"Servicios ofrecidos\",\"item\":\"https:\\\/\\\/www.cliniquedesfemmes.com\\\/es\\\/services\\\/\"},{\"@type\":\"ListItem\",\"position\":3,\"name\":\"Intervenci\u00f3n m\u00e9dico-social con v\u00edctimas de agresiones sexuales (entre 6 d\u00edas y 6 meses)\"}]},{\"@type\":\"WebSite\",\"@id\":\"https:\\\/\\\/www.cliniquedesfemmes.com\\\/#website\",\"url\":\"https:\\\/\\\/www.cliniquedesfemmes.com\\\/\",\"name\":\"Clinique des femmes l'Outaouais\",\"description\":\"\",\"potentialAction\":[{\"@type\":\"SearchAction\",\"target\":{\"@type\":\"EntryPoint\",\"urlTemplate\":\"https:\\\/\\\/www.cliniquedesfemmes.com\\\/?s={search_term_string}\"},\"query-input\":{\"@type\":\"PropertyValueSpecification\",\"valueRequired\":true,\"valueName\":\"search_term_string\"}}],\"inLanguage\":\"es\"}]}<\/script>\n<!-- \/ Yoast SEO plugin. -->","yoast_head_json":{"title":"Intervenci\u00f3n m\u00e9dico-social con v\u00edctimas de agresiones sexuales (entre 6 d\u00edas y 6 meses) - Clinique des femmes de l&acirc;","robots":{"index":"index","follow":"follow","max-snippet":"max-snippet:-1","max-image-preview":"max-image-preview:large","max-video-preview":"max-video-preview:-1"},"canonical":"https:\/\/www.cliniquedesfemmes.com\/es\/services\/intervencion-medico-social-con-victimas-de-agresiones-sexuales-entre-6-dias-y-6-meses\/","og_locale":"es_ES","og_type":"article","og_title":"Intervenci\u00f3n m\u00e9dico-social con v\u00edctimas de agresiones sexuales (entre 6 d\u00edas y 6 meses) - Clinique des femmes de l&acirc;","og_description":"La Cl\u00ednica de la Mujer es el centro designado en Outaouais para la intervenci\u00f3n m\u00e9dico-social con v\u00edctimas de agresiones sexuales ocurridas hace m\u00e1s de 6 d\u00edas y menos de 6 meses. Ofrecemos diversos servicios de asistencia m\u00e9dica y psicosocial a las v\u00edctimas. Tambi\u00e9n podemos producir, con su consentimiento, un kit m\u00e9dico-social para documentar las pruebas [&hellip;]","og_url":"https:\/\/www.cliniquedesfemmes.com\/es\/services\/intervencion-medico-social-con-victimas-de-agresiones-sexuales-entre-6-dias-y-6-meses\/","og_site_name":"Clinique des femmes de l&acirc;","twitter_card":"summary_large_image","twitter_misc":{"Tiempo de lectura":"2 minutos"},"schema":{"@context":"https:\/\/schema.org","@graph":[{"@type":"WebPage","@id":"https:\/\/www.cliniquedesfemmes.com\/es\/services\/intervencion-medico-social-con-victimas-de-agresiones-sexuales-entre-6-dias-y-6-meses\/","url":"https:\/\/www.cliniquedesfemmes.com\/es\/services\/intervencion-medico-social-con-victimas-de-agresiones-sexuales-entre-6-dias-y-6-meses\/","name":"Intervenci\u00f3n m\u00e9dico-social con v\u00edctimas de agresiones sexuales (entre 6 d\u00edas y 6 meses) - Clinique des femmes de l&acirc;","isPartOf":{"@id":"https:\/\/www.cliniquedesfemmes.com\/#website"},"datePublished":"2023-04-03T18:49:45+00:00","breadcrumb":{"@id":"https:\/\/www.cliniquedesfemmes.com\/es\/services\/intervencion-medico-social-con-victimas-de-agresiones-sexuales-entre-6-dias-y-6-meses\/#breadcrumb"},"inLanguage":"es","potentialAction":[{"@type":"ReadAction","target":["https:\/\/www.cliniquedesfemmes.com\/es\/services\/intervencion-medico-social-con-victimas-de-agresiones-sexuales-entre-6-dias-y-6-meses\/"]}]},{"@type":"BreadcrumbList","@id":"https:\/\/www.cliniquedesfemmes.com\/es\/services\/intervencion-medico-social-con-victimas-de-agresiones-sexuales-entre-6-dias-y-6-meses\/#breadcrumb","itemListElement":[{"@type":"ListItem","position":1,"name":"Accueil","item":"https:\/\/www.cliniquedesfemmes.com\/es\/"},{"@type":"ListItem","position":2,"name":"Servicios ofrecidos","item":"https:\/\/www.cliniquedesfemmes.com\/es\/services\/"},{"@type":"ListItem","position":3,"name":"Intervenci\u00f3n m\u00e9dico-social con v\u00edctimas de agresiones sexuales (entre 6 d\u00edas y 6 meses)"}]},{"@type":"WebSite","@id":"https:\/\/www.cliniquedesfemmes.com\/#website","url":"https:\/\/www.cliniquedesfemmes.com\/","name":"Clinique des femmes l'Outaouais","description":"","potentialAction":[{"@type":"SearchAction","target":{"@type":"EntryPoint","urlTemplate":"https:\/\/www.cliniquedesfemmes.com\/?s={search_term_string}"},"query-input":{"@type":"PropertyValueSpecification","valueRequired":true,"valueName":"search_term_string"}}],"inLanguage":"es"}]}},"_links":{"self":[{"href":"https:\/\/www.cliniquedesfemmes.com\/es\/wp-json\/wp\/v2\/pages\/1679\/"}],"collection":[{"href":"https:\/\/www.cliniquedesfemmes.com\/es\/wp-json\/wp\/v2\/pages\/"}],"about":[{"href":"https:\/\/www.cliniquedesfemmes.com\/es\/wp-json\/wp\/v2\/types\/page\/"}],"author":[{"embeddable":true,"href":"https:\/\/www.cliniquedesfemmes.com\/es\/wp-json\/wp\/v2\/users\/4\/"}],"replies":[{"embeddable":true,"href":"https:\/\/www.cliniquedesfemmes.com\/es\/wp-json\/wp\/v2\/comments\/?post=1679"}],"version-history":[{"count":0,"href":"https:\/\/www.cliniquedesfemmes.com\/es\/wp-json\/wp\/v2\/pages\/1679\/revisions\/"}],"up":[{"embeddable":true,"href":"https:\/\/www.cliniquedesfemmes.com\/es\/wp-json\/wp\/v2\/pages\/111\/"}],"wp:attachment":[{"href":"https:\/\/www.cliniquedesfemmes.com\/es\/wp-json\/wp\/v2\/media\/?parent=1679"}],"curies":[{"name":"wp","href":"https:\/\/api.w.org\/{rel}","templated":true}]}}