{"id":473,"date":"2015-12-16T17:16:53","date_gmt":"2015-12-16T17:16:53","guid":{"rendered":"http:\/\/www.cfo.projetlab.ca\/es\/?page_id=473"},"modified":"2016-01-06T20:34:56","modified_gmt":"2016-01-06T20:34:56","slug":"financiamiento","status":"publish","type":"page","link":"https:\/\/www.cliniquedesfemmes.com\/es\/financiamiento\/","title":{"rendered":"Financiamiento"},"content":{"rendered":"<p>La cl\u00ednica de la mujer es financiada por el CISSSO a trav\u00e9s del programa de sostenimiento a organismos comunitarios.<br \/>\nDe otro lado, la cl\u00ednica recibe donaciones para ayudar a las mujeres que no podr\u00edan de otra forma tener acceso a servicios de interrupci\u00f3n del embarazo.<\/p>\n<p>Concretamente estas donaciones le sirven para\u00a0:<\/p>\n<ul>\n<li>Ayudar a las mujeres a tener una interrupci\u00f3n del embarazo en otros sitios diferentes a la cl\u00ednica de la mujer.<\/li>\n<li>Apoyar el desarrollo e implementaci\u00f3n de nuevos servicios. Este a\u00f1o las donaciones a la cl\u00ednica de la mujer han permitido ofrecer el test Pap a aquellas mujeres que no tienen m\u00e9dico de familia y que no tienen la capacidad de pago para obtener este servicio en una cl\u00ednica privada.<\/li>\n<li>Ofrecer a las mujeres que no tienen medios econ\u00f3micos un m\u00e9todo de contracepci\u00f3n adecuado y adaptado.<\/li>\n<li>Apoyar a otros organismos para que abran y mantengan estos servicios de interrupci\u00f3n del embarazo, en la provincia o en Canad\u00e1.<\/li>\n<\/ul>\n<p>Una donaci\u00f3n a la cl\u00ednica de la mujer\u00a0: Un gesto humanitario hacia otras mujeres, un gesto de solidaridad.<\/p>\n<p>Las donaciones pueden ser realizadas en la cl\u00ednica en dinero en efectivo, interac o tarjeta Visa. Las donaciones pueden tambi\u00e9n ser an\u00f3nimas. Nosotros no podemos emitir un recibo de caridad por las donaciones.<\/p>\n","protected":false},"excerpt":{"rendered":"<p>La cl\u00ednica de la mujer es financiada por el CISSSO a trav\u00e9s del programa de sostenimiento a organismos comunitarios. De otro lado, la cl\u00ednica recibe donaciones para ayudar a las mujeres que no podr\u00edan de otra forma tener acceso a servicios de interrupci\u00f3n del embarazo. Concretamente estas donaciones le sirven para\u00a0: Ayudar a las mujeres [&hellip;]<\/p>\n","protected":false},"author":1,"featured_media":0,"parent":0,"menu_order":0,"comment_status":"closed","ping_status":"closed","template":"t-services.php","meta":{"_acf_changed":false,"_exactmetrics_skip_tracking":false,"_exactmetrics_sitenote_active":false,"_exactmetrics_sitenote_note":"","_exactmetrics_sitenote_category":0,"footnotes":""},"class_list":["post-473","page","type-page","status-publish","hentry"],"acf":[],"yoast_head":"<!-- This site is optimized with the Yoast SEO plugin v27.3 - https:\/\/yoast.com\/product\/yoast-seo-wordpress\/ -->\n<title>Financiamiento - Clinique des femmes de l&acirc;<\/title>\n<meta name=\"description\" content=\"Cl\u00ednica ofreciendo servicios de abortos, contracepci\u00f3n e inserci\u00f3n de DIU para mujeres del Outaouais, y talleres de informaci\u00f3n en salud sexual\" \/>\n<meta name=\"robots\" content=\"index, follow, max-snippet:-1, max-image-preview:large, max-video-preview:-1\" \/>\n<link rel=\"canonical\" href=\"https:\/\/www.cliniquedesfemmes.com\/es\/financiamiento\/\" \/>\n<meta property=\"og:locale\" content=\"es_ES\" \/>\n<meta property=\"og:type\" content=\"article\" \/>\n<meta property=\"og:title\" content=\"Financiamiento - Clinique des femmes de l&acirc;\" \/>\n<meta property=\"og:description\" content=\"Cl\u00ednica ofreciendo servicios de abortos, contracepci\u00f3n e inserci\u00f3n de DIU para mujeres del Outaouais, y talleres de informaci\u00f3n en salud sexual\" \/>\n<meta property=\"og:url\" content=\"https:\/\/www.cliniquedesfemmes.com\/es\/financiamiento\/\" \/>\n<meta property=\"og:site_name\" content=\"Clinique des femmes de l&acirc;\" \/>\n<meta property=\"article:modified_time\" content=\"2016-01-06T20:34:56+00:00\" \/>\n<meta name=\"twitter:card\" content=\"summary_large_image\" \/>\n<meta name=\"twitter:label1\" content=\"Tiempo de lectura\" \/>\n\t<meta name=\"twitter:data1\" content=\"1 minuto\" \/>\n<script type=\"application\/ld+json\" class=\"yoast-schema-graph\">{\"@context\":\"https:\\\/\\\/schema.org\",\"@graph\":[{\"@type\":\"WebPage\",\"@id\":\"https:\\\/\\\/www.cliniquedesfemmes.com\\\/es\\\/financiamiento\\\/\",\"url\":\"https:\\\/\\\/www.cliniquedesfemmes.com\\\/es\\\/financiamiento\\\/\",\"name\":\"Financiamiento - Clinique des femmes de l&acirc;\",\"isPartOf\":{\"@id\":\"https:\\\/\\\/www.cliniquedesfemmes.com\\\/#website\"},\"datePublished\":\"2015-12-16T17:16:53+00:00\",\"dateModified\":\"2016-01-06T20:34:56+00:00\",\"description\":\"Cl\u00ednica ofreciendo servicios de abortos, contracepci\u00f3n e inserci\u00f3n de DIU para mujeres del Outaouais, y talleres de informaci\u00f3n en salud sexual\",\"breadcrumb\":{\"@id\":\"https:\\\/\\\/www.cliniquedesfemmes.com\\\/es\\\/financiamiento\\\/#breadcrumb\"},\"inLanguage\":\"es\",\"potentialAction\":[{\"@type\":\"ReadAction\",\"target\":[\"https:\\\/\\\/www.cliniquedesfemmes.com\\\/es\\\/financiamiento\\\/\"]}]},{\"@type\":\"BreadcrumbList\",\"@id\":\"https:\\\/\\\/www.cliniquedesfemmes.com\\\/es\\\/financiamiento\\\/#breadcrumb\",\"itemListElement\":[{\"@type\":\"ListItem\",\"position\":1,\"name\":\"Accueil\",\"item\":\"https:\\\/\\\/www.cliniquedesfemmes.com\\\/es\\\/\"},{\"@type\":\"ListItem\",\"position\":2,\"name\":\"Financiamiento\"}]},{\"@type\":\"WebSite\",\"@id\":\"https:\\\/\\\/www.cliniquedesfemmes.com\\\/#website\",\"url\":\"https:\\\/\\\/www.cliniquedesfemmes.com\\\/\",\"name\":\"Clinique des femmes l'Outaouais\",\"description\":\"\",\"potentialAction\":[{\"@type\":\"SearchAction\",\"target\":{\"@type\":\"EntryPoint\",\"urlTemplate\":\"https:\\\/\\\/www.cliniquedesfemmes.com\\\/?s={search_term_string}\"},\"query-input\":{\"@type\":\"PropertyValueSpecification\",\"valueRequired\":true,\"valueName\":\"search_term_string\"}}],\"inLanguage\":\"es\"}]}<\/script>\n<!-- \/ Yoast SEO plugin. -->","yoast_head_json":{"title":"Financiamiento - Clinique des femmes de l&acirc;","description":"Cl\u00ednica ofreciendo servicios de abortos, contracepci\u00f3n e inserci\u00f3n de DIU para mujeres del Outaouais, y talleres de informaci\u00f3n en salud sexual","robots":{"index":"index","follow":"follow","max-snippet":"max-snippet:-1","max-image-preview":"max-image-preview:large","max-video-preview":"max-video-preview:-1"},"canonical":"https:\/\/www.cliniquedesfemmes.com\/es\/financiamiento\/","og_locale":"es_ES","og_type":"article","og_title":"Financiamiento - Clinique des femmes de l&acirc;","og_description":"Cl\u00ednica ofreciendo servicios de abortos, contracepci\u00f3n e inserci\u00f3n de DIU para mujeres del Outaouais, y talleres de informaci\u00f3n en salud sexual","og_url":"https:\/\/www.cliniquedesfemmes.com\/es\/financiamiento\/","og_site_name":"Clinique des femmes de l&acirc;","article_modified_time":"2016-01-06T20:34:56+00:00","twitter_card":"summary_large_image","twitter_misc":{"Tiempo de lectura":"1 minuto"},"schema":{"@context":"https:\/\/schema.org","@graph":[{"@type":"WebPage","@id":"https:\/\/www.cliniquedesfemmes.com\/es\/financiamiento\/","url":"https:\/\/www.cliniquedesfemmes.com\/es\/financiamiento\/","name":"Financiamiento - Clinique des femmes de l&acirc;","isPartOf":{"@id":"https:\/\/www.cliniquedesfemmes.com\/#website"},"datePublished":"2015-12-16T17:16:53+00:00","dateModified":"2016-01-06T20:34:56+00:00","description":"Cl\u00ednica ofreciendo servicios de abortos, contracepci\u00f3n e inserci\u00f3n de DIU para mujeres del Outaouais, y talleres de informaci\u00f3n en salud sexual","breadcrumb":{"@id":"https:\/\/www.cliniquedesfemmes.com\/es\/financiamiento\/#breadcrumb"},"inLanguage":"es","potentialAction":[{"@type":"ReadAction","target":["https:\/\/www.cliniquedesfemmes.com\/es\/financiamiento\/"]}]},{"@type":"BreadcrumbList","@id":"https:\/\/www.cliniquedesfemmes.com\/es\/financiamiento\/#breadcrumb","itemListElement":[{"@type":"ListItem","position":1,"name":"Accueil","item":"https:\/\/www.cliniquedesfemmes.com\/es\/"},{"@type":"ListItem","position":2,"name":"Financiamiento"}]},{"@type":"WebSite","@id":"https:\/\/www.cliniquedesfemmes.com\/#website","url":"https:\/\/www.cliniquedesfemmes.com\/","name":"Clinique des femmes l'Outaouais","description":"","potentialAction":[{"@type":"SearchAction","target":{"@type":"EntryPoint","urlTemplate":"https:\/\/www.cliniquedesfemmes.com\/?s={search_term_string}"},"query-input":{"@type":"PropertyValueSpecification","valueRequired":true,"valueName":"search_term_string"}}],"inLanguage":"es"}]}},"_links":{"self":[{"href":"https:\/\/www.cliniquedesfemmes.com\/es\/wp-json\/wp\/v2\/pages\/473\/"}],"collection":[{"href":"https:\/\/www.cliniquedesfemmes.com\/es\/wp-json\/wp\/v2\/pages\/"}],"about":[{"href":"https:\/\/www.cliniquedesfemmes.com\/es\/wp-json\/wp\/v2\/types\/page\/"}],"author":[{"embeddable":true,"href":"https:\/\/www.cliniquedesfemmes.com\/es\/wp-json\/wp\/v2\/users\/1\/"}],"replies":[{"embeddable":true,"href":"https:\/\/www.cliniquedesfemmes.com\/es\/wp-json\/wp\/v2\/comments\/?post=473"}],"version-history":[{"count":0,"href":"https:\/\/www.cliniquedesfemmes.com\/es\/wp-json\/wp\/v2\/pages\/473\/revisions\/"}],"wp:attachment":[{"href":"https:\/\/www.cliniquedesfemmes.com\/es\/wp-json\/wp\/v2\/media\/?parent=473"}],"curies":[{"name":"wp","href":"https:\/\/api.w.org\/{rel}","templated":true}]}}