{"id":80,"date":"2015-11-10T19:35:32","date_gmt":"2015-11-10T19:35:32","guid":{"rendered":"http:\/\/www.cfo.projetlab.ca\/?page_id=80&#038;lang=es"},"modified":"2024-07-16T09:38:11","modified_gmt":"2024-07-16T13:38:11","slug":"abortions-voluntary-pregnancy-terminations","status":"publish","type":"page","link":"https:\/\/www.cliniquedesfemmes.com\/es\/services\/abortions-voluntary-pregnancy-terminations\/","title":{"rendered":"Aborto"},"content":{"rendered":"<h3>Interrupci\u00f3n voluntaria del embarazo (Aborto)<\/h3>\n<p>Ofrecemos los servicios de interrupci\u00f3n voluntaria del embarazo quir\u00fargico y con medicamentos en Gatineau, Qu\u00e9bec, Canada.<\/p>\n<p>Nuestro papel es procurar a usted una interrupci\u00f3n del embarazo con las mejores condiciones posibles, tanto del plan m\u00e9dico como del plan humano. Su elecci\u00f3n ser\u00e1 respetada por todo el personal de la cl\u00ednica de la mujer y usted ser\u00e1 tratada con amabilidad, comprensi\u00f3n y de manera competente. Todo su proceso ser\u00e1 completamente confidencial.\u00a0Nosotros hacemos referencia hacia otros puntos de servicio, a las mujeres que requieran la interrupci\u00f3n de un embarazo mayor a 15 semanas. Tambi\u00e9n referimos las mujeres cuyo estado de salud requiera que este procedimiento se realice en medio hospitalario.<\/p>\n<h4>Solicitud de la cita<\/h4>\n<p>Debe llamar usted misma para pedir una cita. Antes de llamar, aseg\u00farese de realizarse una prueba de embarazo en orina igual si tiene la certeza de estar en embarazo. Igualmente debe saber la fecha de su \u00faltima menstruaci\u00f3n. Si usted tiene dudas acerca de este dato d\u00edgalo, se le asignar\u00e1 una cita de acuerdo a ello. Por regla general se le asignar\u00e1n 2 citas. La primera es con una enfermera para la preparaci\u00f3n al procedimiento y la segunda para la realizaci\u00f3n del procedimiento. Para aquellas que han decidido interrumpir el embarazo con medicamentos, tambi\u00e9n se programar\u00e1 una cita de seguimiento obligatoria.\u00a0Si usted tiene dudas y quiere hablar acerca de su decisi\u00f3n sin tratar preguntas m\u00e9dicas, usted puede tambi\u00e9n tomar una cita para ello.<\/p>\n","protected":false},"excerpt":{"rendered":"<p>Interrupci\u00f3n voluntaria del embarazo (Aborto) Ofrecemos los servicios de interrupci\u00f3n voluntaria del embarazo quir\u00fargico y con medicamentos en Gatineau, Qu\u00e9bec, Canada. Nuestro papel es procurar a usted una interrupci\u00f3n del embarazo con las mejores condiciones posibles, tanto del plan m\u00e9dico como del plan humano. Su elecci\u00f3n ser\u00e1 respetada por todo el personal de la cl\u00ednica [&hellip;]<\/p>\n","protected":false},"author":1,"featured_media":0,"parent":111,"menu_order":0,"comment_status":"closed","ping_status":"closed","template":"t-avortement.php","meta":{"_acf_changed":false,"_exactmetrics_skip_tracking":false,"_exactmetrics_sitenote_active":false,"_exactmetrics_sitenote_note":"","_exactmetrics_sitenote_category":0,"footnotes":""},"class_list":["post-80","page","type-page","status-publish","hentry"],"acf":[],"yoast_head":"<!-- This site is optimized with the Yoast SEO plugin v27.3 - https:\/\/yoast.com\/product\/yoast-seo-wordpress\/ -->\n<title>Aborto - Clinique des femmes de l&acirc;<\/title>\n<meta name=\"description\" content=\"Cl\u00ednica ofreciendo servicios de abortos, contracepci\u00f3n e inserci\u00f3n de DIU para mujeres del Outaouais, y talleres de informaci\u00f3n en salud sexual\" \/>\n<meta name=\"robots\" content=\"index, follow, max-snippet:-1, max-image-preview:large, max-video-preview:-1\" \/>\n<link rel=\"canonical\" href=\"https:\/\/www.cliniquedesfemmes.com\/es\/services\/abortions-voluntary-pregnancy-terminations\/\" \/>\n<meta property=\"og:locale\" content=\"es_ES\" \/>\n<meta property=\"og:type\" content=\"article\" \/>\n<meta property=\"og:title\" content=\"Aborto - Clinique des femmes de l&acirc;\" \/>\n<meta property=\"og:description\" content=\"Cl\u00ednica ofreciendo servicios de abortos, contracepci\u00f3n e inserci\u00f3n de DIU para mujeres del Outaouais, y talleres de informaci\u00f3n en salud sexual\" \/>\n<meta property=\"og:url\" content=\"https:\/\/www.cliniquedesfemmes.com\/es\/services\/abortions-voluntary-pregnancy-terminations\/\" \/>\n<meta property=\"og:site_name\" content=\"Clinique des femmes de l&acirc;\" \/>\n<meta property=\"article:modified_time\" content=\"2024-07-16T13:38:11+00:00\" \/>\n<meta name=\"twitter:card\" content=\"summary_large_image\" \/>\n<meta name=\"twitter:label1\" content=\"Tiempo de lectura\" \/>\n\t<meta name=\"twitter:data1\" content=\"2 minutos\" \/>\n<script type=\"application\/ld+json\" class=\"yoast-schema-graph\">{\"@context\":\"https:\\\/\\\/schema.org\",\"@graph\":[{\"@type\":\"WebPage\",\"@id\":\"https:\\\/\\\/www.cliniquedesfemmes.com\\\/es\\\/services\\\/abortions-voluntary-pregnancy-terminations\\\/\",\"url\":\"https:\\\/\\\/www.cliniquedesfemmes.com\\\/es\\\/services\\\/abortions-voluntary-pregnancy-terminations\\\/\",\"name\":\"Aborto - Clinique des femmes de l&acirc;\",\"isPartOf\":{\"@id\":\"https:\\\/\\\/www.cliniquedesfemmes.com\\\/#website\"},\"datePublished\":\"2015-11-10T19:35:32+00:00\",\"dateModified\":\"2024-07-16T13:38:11+00:00\",\"description\":\"Cl\u00ednica ofreciendo servicios de abortos, contracepci\u00f3n e inserci\u00f3n de DIU para mujeres del Outaouais, y talleres de informaci\u00f3n en salud sexual\",\"breadcrumb\":{\"@id\":\"https:\\\/\\\/www.cliniquedesfemmes.com\\\/es\\\/services\\\/abortions-voluntary-pregnancy-terminations\\\/#breadcrumb\"},\"inLanguage\":\"es\",\"potentialAction\":[{\"@type\":\"ReadAction\",\"target\":[\"https:\\\/\\\/www.cliniquedesfemmes.com\\\/es\\\/services\\\/abortions-voluntary-pregnancy-terminations\\\/\"]}]},{\"@type\":\"BreadcrumbList\",\"@id\":\"https:\\\/\\\/www.cliniquedesfemmes.com\\\/es\\\/services\\\/abortions-voluntary-pregnancy-terminations\\\/#breadcrumb\",\"itemListElement\":[{\"@type\":\"ListItem\",\"position\":1,\"name\":\"Accueil\",\"item\":\"https:\\\/\\\/www.cliniquedesfemmes.com\\\/es\\\/\"},{\"@type\":\"ListItem\",\"position\":2,\"name\":\"Servicios ofrecidos\",\"item\":\"https:\\\/\\\/www.cliniquedesfemmes.com\\\/es\\\/services\\\/\"},{\"@type\":\"ListItem\",\"position\":3,\"name\":\"Aborto\"}]},{\"@type\":\"WebSite\",\"@id\":\"https:\\\/\\\/www.cliniquedesfemmes.com\\\/#website\",\"url\":\"https:\\\/\\\/www.cliniquedesfemmes.com\\\/\",\"name\":\"Clinique des femmes l'Outaouais\",\"description\":\"\",\"potentialAction\":[{\"@type\":\"SearchAction\",\"target\":{\"@type\":\"EntryPoint\",\"urlTemplate\":\"https:\\\/\\\/www.cliniquedesfemmes.com\\\/?s={search_term_string}\"},\"query-input\":{\"@type\":\"PropertyValueSpecification\",\"valueRequired\":true,\"valueName\":\"search_term_string\"}}],\"inLanguage\":\"es\"}]}<\/script>\n<!-- \/ Yoast SEO plugin. -->","yoast_head_json":{"title":"Aborto - Clinique des femmes de l&acirc;","description":"Cl\u00ednica ofreciendo servicios de abortos, contracepci\u00f3n e inserci\u00f3n de DIU para mujeres del Outaouais, y talleres de informaci\u00f3n en salud sexual","robots":{"index":"index","follow":"follow","max-snippet":"max-snippet:-1","max-image-preview":"max-image-preview:large","max-video-preview":"max-video-preview:-1"},"canonical":"https:\/\/www.cliniquedesfemmes.com\/es\/services\/abortions-voluntary-pregnancy-terminations\/","og_locale":"es_ES","og_type":"article","og_title":"Aborto - Clinique des femmes de l&acirc;","og_description":"Cl\u00ednica ofreciendo servicios de abortos, contracepci\u00f3n e inserci\u00f3n de DIU para mujeres del Outaouais, y talleres de informaci\u00f3n en salud sexual","og_url":"https:\/\/www.cliniquedesfemmes.com\/es\/services\/abortions-voluntary-pregnancy-terminations\/","og_site_name":"Clinique des femmes de l&acirc;","article_modified_time":"2024-07-16T13:38:11+00:00","twitter_card":"summary_large_image","twitter_misc":{"Tiempo de lectura":"2 minutos"},"schema":{"@context":"https:\/\/schema.org","@graph":[{"@type":"WebPage","@id":"https:\/\/www.cliniquedesfemmes.com\/es\/services\/abortions-voluntary-pregnancy-terminations\/","url":"https:\/\/www.cliniquedesfemmes.com\/es\/services\/abortions-voluntary-pregnancy-terminations\/","name":"Aborto - Clinique des femmes de l&acirc;","isPartOf":{"@id":"https:\/\/www.cliniquedesfemmes.com\/#website"},"datePublished":"2015-11-10T19:35:32+00:00","dateModified":"2024-07-16T13:38:11+00:00","description":"Cl\u00ednica ofreciendo servicios de abortos, contracepci\u00f3n e inserci\u00f3n de DIU para mujeres del Outaouais, y talleres de informaci\u00f3n en salud sexual","breadcrumb":{"@id":"https:\/\/www.cliniquedesfemmes.com\/es\/services\/abortions-voluntary-pregnancy-terminations\/#breadcrumb"},"inLanguage":"es","potentialAction":[{"@type":"ReadAction","target":["https:\/\/www.cliniquedesfemmes.com\/es\/services\/abortions-voluntary-pregnancy-terminations\/"]}]},{"@type":"BreadcrumbList","@id":"https:\/\/www.cliniquedesfemmes.com\/es\/services\/abortions-voluntary-pregnancy-terminations\/#breadcrumb","itemListElement":[{"@type":"ListItem","position":1,"name":"Accueil","item":"https:\/\/www.cliniquedesfemmes.com\/es\/"},{"@type":"ListItem","position":2,"name":"Servicios ofrecidos","item":"https:\/\/www.cliniquedesfemmes.com\/es\/services\/"},{"@type":"ListItem","position":3,"name":"Aborto"}]},{"@type":"WebSite","@id":"https:\/\/www.cliniquedesfemmes.com\/#website","url":"https:\/\/www.cliniquedesfemmes.com\/","name":"Clinique des femmes l'Outaouais","description":"","potentialAction":[{"@type":"SearchAction","target":{"@type":"EntryPoint","urlTemplate":"https:\/\/www.cliniquedesfemmes.com\/?s={search_term_string}"},"query-input":{"@type":"PropertyValueSpecification","valueRequired":true,"valueName":"search_term_string"}}],"inLanguage":"es"}]}},"_links":{"self":[{"href":"https:\/\/www.cliniquedesfemmes.com\/es\/wp-json\/wp\/v2\/pages\/80\/"}],"collection":[{"href":"https:\/\/www.cliniquedesfemmes.com\/es\/wp-json\/wp\/v2\/pages\/"}],"about":[{"href":"https:\/\/www.cliniquedesfemmes.com\/es\/wp-json\/wp\/v2\/types\/page\/"}],"author":[{"embeddable":true,"href":"https:\/\/www.cliniquedesfemmes.com\/es\/wp-json\/wp\/v2\/users\/1\/"}],"replies":[{"embeddable":true,"href":"https:\/\/www.cliniquedesfemmes.com\/es\/wp-json\/wp\/v2\/comments\/?post=80"}],"version-history":[{"count":0,"href":"https:\/\/www.cliniquedesfemmes.com\/es\/wp-json\/wp\/v2\/pages\/80\/revisions\/"}],"up":[{"embeddable":true,"href":"https:\/\/www.cliniquedesfemmes.com\/es\/wp-json\/wp\/v2\/pages\/111\/"}],"wp:attachment":[{"href":"https:\/\/www.cliniquedesfemmes.com\/es\/wp-json\/wp\/v2\/media\/?parent=80"}],"curies":[{"name":"wp","href":"https:\/\/api.w.org\/{rel}","templated":true}]}}