{"id":92,"date":"2015-11-10T21:23:42","date_gmt":"2015-11-10T21:23:42","guid":{"rendered":"http:\/\/www.cfo.projetlab.ca\/en\/?page_id=92"},"modified":"2017-01-31T19:14:44","modified_gmt":"2017-01-31T19:14:44","slug":"contraception","status":"publish","type":"page","link":"https:\/\/www.cliniquedesfemmes.com\/es\/services\/contraception\/","title":{"rendered":"Contracepci\u00f3n"},"content":{"rendered":"<p>La Cl\u00ednica de la mujer ofrece una amplia gama de servicios de contracepci\u00f3n. Las mujeres que no tienen medico de familia pueden llamarnos para todos los servicios de anticoncepci\u00f3n. Las mujeres que tienen medico de familia pueden utilizar nuestros servicios de implantaci\u00f3n del dispositivo intra uterino <a href=\"https:\/\/www.cliniquedesfemmes.com\/es\/services\/clinica-de-implantacion-del-dispositivo-intra-uterino-diu\/\">(DIU)<\/a> o de <a href=\"https:\/\/www.cliniquedesfemmes.com\/es\/services\/contracepcion-de-urgencia\/\">contracepci\u00f3n de emergencia<\/a>.<\/p>\n<h4>Solicitud de la cita<\/h4>\n<p>Usted debe llamar a la cl\u00ednica para solicitar una cita. Le ser\u00e1 asignada una primera cita con una enfermera.<\/p>\n<h4>Encuentro con la enfermera<\/h4>\n<p>El primer encuentro ser\u00e1 con una enfermera de la cl\u00ednica. En este encuentro la enfermera le har\u00e1 un cuestionario con respecto a su estado de salud y le explicara los m\u00e9todos anticonceptivos disponibles. La enfermera le podr\u00e1 hablar de la T de cobre, del DIU con hormonas, de la p\u00edldora anticonceptiva, del anillo vaginal, del parche anticonceptivo, de la inyecci\u00f3n anticonceptiva, y de m\u00e9todos barreras como son el cond\u00f3n y el diafragma. Si Ud. elige un m\u00e9todo anticonceptivo con hormonas, la enfermera le podr\u00e1 dar una receta para empezar su contracepci\u00f3n. Elle le proporcionar\u00e1 una cita con un medico despu\u00e9s de tres meses.<\/p>\n<h4>Encuentro con el medico<\/h4>\n<p>Podr\u00e1 encontrarse con un medico de la cl\u00ednica tres meses despu\u00e9s de haber empezado su m\u00e9todo anticonceptivo. Podr\u00e1n evaluar juntos si el m\u00e9todo le conviene y hacer las modificaciones necesarias. El medico le har\u00e1 un examen de cuello uterino para identificar si hay presencia de infecciones de transmisi\u00f3n sexual (Clamidia y Gonorrea) y un test Pap (Papanicolau) si se requiere. Podr\u00e1 tomar una cita de seguimiento para renovar su m\u00e9todo anticonceptivo cada 2 anos mas o menos.<\/p>\n<p>Para informaci\u00f3n al respeto de los diferentes m\u00e9todos anticonceptivos, puede consultar los sitios siguientes:<\/p>\n","protected":false},"excerpt":{"rendered":"<p>La Cl\u00ednica de la mujer ofrece una amplia gama de servicios de contracepci\u00f3n. Las mujeres que no tienen medico de familia pueden llamarnos para todos los servicios de anticoncepci\u00f3n. Las mujeres que tienen medico de familia pueden utilizar nuestros servicios de implantaci\u00f3n del dispositivo intra uterino (DIU) o de contracepci\u00f3n de emergencia. Solicitud de la [&hellip;]<\/p>\n","protected":false},"author":1,"featured_media":0,"parent":111,"menu_order":0,"comment_status":"closed","ping_status":"closed","template":"t-services.php","meta":{"_acf_changed":false,"_exactmetrics_skip_tracking":false,"_exactmetrics_sitenote_active":false,"_exactmetrics_sitenote_note":"","_exactmetrics_sitenote_category":0,"footnotes":""},"class_list":["post-92","page","type-page","status-publish","hentry"],"acf":[],"yoast_head":"<!-- This site is optimized with the Yoast SEO plugin v27.3 - https:\/\/yoast.com\/product\/yoast-seo-wordpress\/ -->\n<title>Contracepci\u00f3n - Clinique des femmes de l&acirc;<\/title>\n<meta name=\"description\" content=\"Cl\u00ednica ofreciendo servicios de abortos, contracepci\u00f3n e inserci\u00f3n de DIU para mujeres del Outaouais, y talleres de informaci\u00f3n en salud sexual\" \/>\n<meta name=\"robots\" content=\"index, follow, max-snippet:-1, max-image-preview:large, max-video-preview:-1\" \/>\n<link rel=\"canonical\" href=\"https:\/\/www.cliniquedesfemmes.com\/es\/services\/contraception\/\" \/>\n<meta property=\"og:locale\" content=\"es_ES\" \/>\n<meta property=\"og:type\" content=\"article\" \/>\n<meta property=\"og:title\" content=\"Contracepci\u00f3n - Clinique des femmes de l&acirc;\" \/>\n<meta property=\"og:description\" content=\"Cl\u00ednica ofreciendo servicios de abortos, contracepci\u00f3n e inserci\u00f3n de DIU para mujeres del Outaouais, y talleres de informaci\u00f3n en salud sexual\" \/>\n<meta property=\"og:url\" content=\"https:\/\/www.cliniquedesfemmes.com\/es\/services\/contraception\/\" \/>\n<meta property=\"og:site_name\" content=\"Clinique des femmes de l&acirc;\" \/>\n<meta property=\"article:modified_time\" content=\"2017-01-31T19:14:44+00:00\" \/>\n<meta name=\"twitter:card\" content=\"summary_large_image\" \/>\n<meta name=\"twitter:label1\" content=\"Tiempo de lectura\" \/>\n\t<meta name=\"twitter:data1\" content=\"2 minutos\" \/>\n<script type=\"application\/ld+json\" class=\"yoast-schema-graph\">{\"@context\":\"https:\\\/\\\/schema.org\",\"@graph\":[{\"@type\":\"WebPage\",\"@id\":\"https:\\\/\\\/www.cliniquedesfemmes.com\\\/es\\\/services\\\/contraception\\\/\",\"url\":\"https:\\\/\\\/www.cliniquedesfemmes.com\\\/es\\\/services\\\/contraception\\\/\",\"name\":\"Contracepci\u00f3n - Clinique des femmes de l&acirc;\",\"isPartOf\":{\"@id\":\"https:\\\/\\\/www.cliniquedesfemmes.com\\\/#website\"},\"datePublished\":\"2015-11-10T21:23:42+00:00\",\"dateModified\":\"2017-01-31T19:14:44+00:00\",\"description\":\"Cl\u00ednica ofreciendo servicios de abortos, contracepci\u00f3n e inserci\u00f3n de DIU para mujeres del Outaouais, y talleres de informaci\u00f3n en salud sexual\",\"breadcrumb\":{\"@id\":\"https:\\\/\\\/www.cliniquedesfemmes.com\\\/es\\\/services\\\/contraception\\\/#breadcrumb\"},\"inLanguage\":\"es\",\"potentialAction\":[{\"@type\":\"ReadAction\",\"target\":[\"https:\\\/\\\/www.cliniquedesfemmes.com\\\/es\\\/services\\\/contraception\\\/\"]}]},{\"@type\":\"BreadcrumbList\",\"@id\":\"https:\\\/\\\/www.cliniquedesfemmes.com\\\/es\\\/services\\\/contraception\\\/#breadcrumb\",\"itemListElement\":[{\"@type\":\"ListItem\",\"position\":1,\"name\":\"Accueil\",\"item\":\"https:\\\/\\\/www.cliniquedesfemmes.com\\\/es\\\/\"},{\"@type\":\"ListItem\",\"position\":2,\"name\":\"Servicios ofrecidos\",\"item\":\"https:\\\/\\\/www.cliniquedesfemmes.com\\\/es\\\/services\\\/\"},{\"@type\":\"ListItem\",\"position\":3,\"name\":\"Contracepci\u00f3n\"}]},{\"@type\":\"WebSite\",\"@id\":\"https:\\\/\\\/www.cliniquedesfemmes.com\\\/#website\",\"url\":\"https:\\\/\\\/www.cliniquedesfemmes.com\\\/\",\"name\":\"Clinique des femmes l'Outaouais\",\"description\":\"\",\"potentialAction\":[{\"@type\":\"SearchAction\",\"target\":{\"@type\":\"EntryPoint\",\"urlTemplate\":\"https:\\\/\\\/www.cliniquedesfemmes.com\\\/?s={search_term_string}\"},\"query-input\":{\"@type\":\"PropertyValueSpecification\",\"valueRequired\":true,\"valueName\":\"search_term_string\"}}],\"inLanguage\":\"es\"}]}<\/script>\n<!-- \/ Yoast SEO plugin. -->","yoast_head_json":{"title":"Contracepci\u00f3n - Clinique des femmes de l&acirc;","description":"Cl\u00ednica ofreciendo servicios de abortos, contracepci\u00f3n e inserci\u00f3n de DIU para mujeres del Outaouais, y talleres de informaci\u00f3n en salud sexual","robots":{"index":"index","follow":"follow","max-snippet":"max-snippet:-1","max-image-preview":"max-image-preview:large","max-video-preview":"max-video-preview:-1"},"canonical":"https:\/\/www.cliniquedesfemmes.com\/es\/services\/contraception\/","og_locale":"es_ES","og_type":"article","og_title":"Contracepci\u00f3n - Clinique des femmes de l&acirc;","og_description":"Cl\u00ednica ofreciendo servicios de abortos, contracepci\u00f3n e inserci\u00f3n de DIU para mujeres del Outaouais, y talleres de informaci\u00f3n en salud sexual","og_url":"https:\/\/www.cliniquedesfemmes.com\/es\/services\/contraception\/","og_site_name":"Clinique des femmes de l&acirc;","article_modified_time":"2017-01-31T19:14:44+00:00","twitter_card":"summary_large_image","twitter_misc":{"Tiempo de lectura":"2 minutos"},"schema":{"@context":"https:\/\/schema.org","@graph":[{"@type":"WebPage","@id":"https:\/\/www.cliniquedesfemmes.com\/es\/services\/contraception\/","url":"https:\/\/www.cliniquedesfemmes.com\/es\/services\/contraception\/","name":"Contracepci\u00f3n - Clinique des femmes de l&acirc;","isPartOf":{"@id":"https:\/\/www.cliniquedesfemmes.com\/#website"},"datePublished":"2015-11-10T21:23:42+00:00","dateModified":"2017-01-31T19:14:44+00:00","description":"Cl\u00ednica ofreciendo servicios de abortos, contracepci\u00f3n e inserci\u00f3n de DIU para mujeres del Outaouais, y talleres de informaci\u00f3n en salud sexual","breadcrumb":{"@id":"https:\/\/www.cliniquedesfemmes.com\/es\/services\/contraception\/#breadcrumb"},"inLanguage":"es","potentialAction":[{"@type":"ReadAction","target":["https:\/\/www.cliniquedesfemmes.com\/es\/services\/contraception\/"]}]},{"@type":"BreadcrumbList","@id":"https:\/\/www.cliniquedesfemmes.com\/es\/services\/contraception\/#breadcrumb","itemListElement":[{"@type":"ListItem","position":1,"name":"Accueil","item":"https:\/\/www.cliniquedesfemmes.com\/es\/"},{"@type":"ListItem","position":2,"name":"Servicios ofrecidos","item":"https:\/\/www.cliniquedesfemmes.com\/es\/services\/"},{"@type":"ListItem","position":3,"name":"Contracepci\u00f3n"}]},{"@type":"WebSite","@id":"https:\/\/www.cliniquedesfemmes.com\/#website","url":"https:\/\/www.cliniquedesfemmes.com\/","name":"Clinique des femmes l'Outaouais","description":"","potentialAction":[{"@type":"SearchAction","target":{"@type":"EntryPoint","urlTemplate":"https:\/\/www.cliniquedesfemmes.com\/?s={search_term_string}"},"query-input":{"@type":"PropertyValueSpecification","valueRequired":true,"valueName":"search_term_string"}}],"inLanguage":"es"}]}},"_links":{"self":[{"href":"https:\/\/www.cliniquedesfemmes.com\/es\/wp-json\/wp\/v2\/pages\/92\/"}],"collection":[{"href":"https:\/\/www.cliniquedesfemmes.com\/es\/wp-json\/wp\/v2\/pages\/"}],"about":[{"href":"https:\/\/www.cliniquedesfemmes.com\/es\/wp-json\/wp\/v2\/types\/page\/"}],"author":[{"embeddable":true,"href":"https:\/\/www.cliniquedesfemmes.com\/es\/wp-json\/wp\/v2\/users\/1\/"}],"replies":[{"embeddable":true,"href":"https:\/\/www.cliniquedesfemmes.com\/es\/wp-json\/wp\/v2\/comments\/?post=92"}],"version-history":[{"count":0,"href":"https:\/\/www.cliniquedesfemmes.com\/es\/wp-json\/wp\/v2\/pages\/92\/revisions\/"}],"up":[{"embeddable":true,"href":"https:\/\/www.cliniquedesfemmes.com\/es\/wp-json\/wp\/v2\/pages\/111\/"}],"wp:attachment":[{"href":"https:\/\/www.cliniquedesfemmes.com\/es\/wp-json\/wp\/v2\/media\/?parent=92"}],"curies":[{"name":"wp","href":"https:\/\/api.w.org\/{rel}","templated":true}]}}